{"id":2651,"date":"2023-07-19T03:26:15","date_gmt":"2023-07-19T03:26:15","guid":{"rendered":"https:\/\/travelwp.physcode.com\/maindemo\/?page_id=2651"},"modified":"2023-07-19T03:26:15","modified_gmt":"2023-07-19T03:26:15","slug":"destinations","status":"publish","type":"page","link":"https:\/\/machupicchuperuagency.com\/en\/destinations\/","title":{"rendered":"Destinations"},"content":{"rendered":"\t\t<div data-elementor-type=\"wp-page\" data-elementor-id=\"2651\" class=\"elementor elementor-2651\">\n\t\t\t\t<div class=\"elementor-element elementor-element-6d9271c e-flex e-con-boxed e-con e-parent\" data-id=\"6d9271c\" data-element_type=\"container\" data-e-type=\"container\">\n\t\t\t\t\t<div class=\"e-con-inner\">\n\t\t<div class=\"elementor-element elementor-element-fb573ef e-con-full e-flex e-con e-child\" data-id=\"fb573ef\" data-element_type=\"container\" data-e-type=\"container\" data-settings=\"{&quot;background_background&quot;:&quot;classic&quot;}\">\n\t\t\t\t<div class=\"elementor-element elementor-element-d2cc788 elementor-widget elementor-widget-thim-ekits-breadcrumb\" data-id=\"d2cc788\" data-element_type=\"widget\" data-e-type=\"widget\" data-widget_type=\"thim-ekits-breadcrumb.default\">\n\t\t\t\t<div class=\"elementor-widget-container\">\n\t\t\t\t\t\n\t\t\t<div class=\"thim-ekit-breadcrumb\">\n\n\t\t\t\tHome\n\t\t\t<\/div>\n\n\t\t\t\t\t\t\t<\/div>\n\t\t\t\t<\/div>\n\t\t\t\t<div class=\"elementor-element elementor-element-764866b elementor-widget elementor-widget-thim-ekits-page-title\" data-id=\"764866b\" data-element_type=\"widget\" data-e-type=\"widget\" data-widget_type=\"thim-ekits-page-title.default\">\n\t\t\t\t<div class=\"elementor-widget-container\">\n\t\t\t\t\t\t\t<div class=\"thim-ekit-page-title\">\n\t\t<h1 class=\"page-title\">Archives<\/h1>\t\t<\/div>\n\t\t\t\t\t\t<\/div>\n\t\t\t\t<\/div>\n\t\t\t\t<div class=\"elementor-element elementor-element-9154126 elementor-widget elementor-widget-text-editor\" data-id=\"9154126\" data-element_type=\"widget\" data-e-type=\"widget\" data-widget_type=\"text-editor.default\">\n\t\t\t\t\t\t\t\t\t<p>Let&#8217;s explore what we do!<\/p>\t\t\t\t\t\t\t\t<\/div>\n\t\t\t\t<\/div>\n\t\t\t\t\t<\/div>\n\t\t\t\t<\/div>\n\t\t<div class=\"elementor-element elementor-element-6950d10e e-flex e-con-boxed e-con e-parent\" data-id=\"6950d10e\" data-element_type=\"container\" data-e-type=\"container\">\n\t\t\t\t\t<div class=\"e-con-inner\">\n\t\t\t\t<div class=\"elementor-element elementor-element-16ad326d elementor-widget elementor-widget-thim-ekits-attributes\" data-id=\"16ad326d\" data-element_type=\"widget\" data-e-type=\"widget\" data-widget_type=\"thim-ekits-attributes.default\">\n\t\t\t\t<div class=\"elementor-widget-container\">\n\t\t\t\t\t<div class=\"thim-ekits-tour__attributes thim-ekits-isotope\" >\t\t\t<div class=\"arrt-search-form-wrapper isotope-filter-container\">\r\n\t\t\t\t\t\t\t\t\t<div class=\"arrt-search-form\">\r\n\t\t\t\t\t\t<form action=\"#\" method=\"get\" class=\"search-attributes\"\r\n\t\t\t\t\t\t\t\tdata-attr='[\"pa_destination\"]'\r\n\t\t\t\t\t\t\t\tdata-layout='[{\"_id\":\"aeeed5d\",\"text_count\":null,\"excerpt_more\":null,\"bt_name_content\":null,\"list_thumbnail_position\":\"absolute\",\"title_tag\":\"h5\",\"meta_data_img\":\"title\",\"excerpt_lenght\":null,\"always_show\":\"no\"},{\"_id\":\"cbf23f8\",\"meta_data_img\":\"count\",\"text_count\":\" tours and activities\",\"excerpt_more\":null,\"bt_name_content\":null,\"list_thumbnail_position\":\"absolute\",\"title_tag\":null,\"excerpt_lenght\":null,\"always_show\":\"no\"},{\"_id\":\"c2f5bfc\",\"meta_data_img\":\"content\",\"text_count\":null,\"excerpt_more\":\"...\",\"bt_name_content\":null,\"list_thumbnail_position\":\"absolute\",\"always_show\":\"\",\"title_tag\":null,\"excerpt_lenght\":25}]'>\r\n\t\t\t\t\t\t\t<button type=\"submit\" class=\"button-attributes\">\r\n\t\t\t\t\t\t\t\t\t\t\t\t\t\t\t<\/button>\r\n\t\t\t\t\t\t\t<input type=\"text\" name=\"attri_search\" placeholder=\"Search country or city\">\r\n\t\t\t\t\t\t<\/form>\r\n\t\t\t\t\t<\/div>\r\n\t\t\t\t\t\t\t\t\t\t\t\t\t\t\t\t\t<div class=\"arrt-filter isotope-filter\">\r\n\t\t\t\t\t\t\t\t\t\t\t\t<div class=\"filter-groups\">\r\n\t\t\t\t\t\t\t<button class=\"filter-item active\" data-filter=\"*\">\r\n\t\t\t\t\t\t\t\tAll\t\t\t\t\t\t\t<\/button>\r\n\t\t\t\t\t\t\t\t\t\t\t\t\t\t\t<button class=\"filter-item\" data-filter=\"pa_destination\">\r\n\t\t\t\t\t\t\t\t\tdestination\t\t\t\t\t\t\t\t<\/button>\r\n\t\t\t\t\t\t\t\t\t\t\t\t\t\t<\/div>\r\n\t\t\t\t\t<\/div>\r\n\t\t\t\t\t\t\t<\/div>\r\n\t\t\t<div class=\"attributes-type-pain thim-ekits--tour__attributes__inner isotope-grid\"><div class=\"tours_type_item thim-ekits--tour__attributes__item\" data-filter-taxonomy=\"pa_destination\" data-filter-term=\"puerto-maldonado\">\t\t\t<div class=\"list-attri-thumbnail overlay\">\r\n\t\t\t\t<a href=\"https:\/\/machupicchuperuagency.com\/en\/tour-destination\/puerto-maldonado\/\" title=\"Puerto Maldonado\"\r\n\t\t\t\t\tclass=\"tours-type__item__image\" >\r\n\t\t\t\t\t<img fetchpriority=\"high\" decoding=\"async\" width=\"410\" height=\"410\" src=\"https:\/\/machupicchuperuagency.com\/en\/wp-content\/uploads\/2026\/03\/puerto-maldonado.webp\" class=\"attachment-full size-full\" alt=\"Puerto Maldonado\" srcset=\"https:\/\/machupicchuperuagency.com\/en\/wp-content\/uploads\/2026\/03\/puerto-maldonado.webp 410w, https:\/\/machupicchuperuagency.com\/en\/wp-content\/uploads\/2026\/03\/puerto-maldonado-150x150.webp 150w, https:\/\/machupicchuperuagency.com\/en\/wp-content\/uploads\/2026\/03\/puerto-maldonado-320x320.webp 320w, https:\/\/machupicchuperuagency.com\/en\/wp-content\/uploads\/2026\/03\/puerto-maldonado-100x100.webp 100w\" sizes=\"(max-width: 410px) 100vw, 410px\" \/>\t\t\t\t<\/a>\r\n\t\t\t\t\t\t\t\t\t<div class=\"content-item\">\r\n\t\t\t\t\t\t<h5 class=\"item__title\"><a href=\"https:\/\/machupicchuperuagency.com\/en\/tour-destination\/puerto-maldonado\/\">Puerto Maldonado<\/a><\/h5><div class=\"count-attr\">0  tours and activities<\/div><div class=\"item-attr-des\"><p>es una ciudad ubicada en la regi\u00f3n de Madre de Dios, en el sureste del Per\u00fa, conocida como la puerta de entrada a la Amazon\u00eda peruana. Rodeada de una impresionante selva tropical, es el punto de partida para explorar la biodiversidad del Amazonas y visitar reservas naturales como la Reserva Nacional Tambopata. Los visitantes llegan para disfrutar de excursiones por la selva, observar fauna ex\u00f3tica y vivir experiencias \u00fanicas en contacto con la naturaleza.<\/p>\n<\/div>\t\t\t\t\t\t\t\t\t\t\t<\/div>\r\n\t\t\t\t\t\t\t<\/div>\r\n\t\t\t\t\t\t<\/div> <div class=\"tours_type_item thim-ekits--tour__attributes__item\" data-filter-taxonomy=\"pa_destination\" data-filter-term=\"puno\">\t\t\t<div class=\"list-attri-thumbnail overlay\">\r\n\t\t\t\t<a href=\"https:\/\/machupicchuperuagency.com\/en\/tour-destination\/puno\/\" title=\"Puno\"\r\n\t\t\t\t\tclass=\"tours-type__item__image\" >\r\n\t\t\t\t\t<img decoding=\"async\" width=\"410\" height=\"410\" src=\"https:\/\/machupicchuperuagency.com\/en\/wp-content\/uploads\/2026\/03\/puno.webp\" class=\"attachment-full size-full\" alt=\"Puno\" srcset=\"https:\/\/machupicchuperuagency.com\/en\/wp-content\/uploads\/2026\/03\/puno.webp 410w, https:\/\/machupicchuperuagency.com\/en\/wp-content\/uploads\/2026\/03\/puno-150x150.webp 150w, https:\/\/machupicchuperuagency.com\/en\/wp-content\/uploads\/2026\/03\/puno-320x320.webp 320w, https:\/\/machupicchuperuagency.com\/en\/wp-content\/uploads\/2026\/03\/puno-100x100.webp 100w\" sizes=\"(max-width: 410px) 100vw, 410px\" \/>\t\t\t\t<\/a>\r\n\t\t\t\t\t\t\t\t\t<div class=\"content-item\">\r\n\t\t\t\t\t\t<h5 class=\"item__title\"><a href=\"https:\/\/machupicchuperuagency.com\/en\/tour-destination\/puno\/\">Puno<\/a><\/h5><div class=\"count-attr\">0  tours and activities<\/div><div class=\"item-attr-des\"><p>es una ciudad ubicada en el sur del Per\u00fa, a orillas del majestuoso Lago Titicaca, el lago navegable m\u00e1s alto del mundo. Conocida como la capital folkl\u00f3rica del Per\u00fa, Puno destaca por sus coloridas festividades, tradiciones ancestrales y culturas vivas. Desde aqu\u00ed, los viajeros pueden visitar las famosas islas flotantes de los Uros y conocer comunidades locales que conservan antiguas costumbres andinas.<\/p>\n<\/div>\t\t\t\t\t\t\t\t\t\t\t<\/div>\r\n\t\t\t\t\t\t\t<\/div>\r\n\t\t\t\t\t\t<\/div> <div class=\"tours_type_item thim-ekits--tour__attributes__item\" data-filter-taxonomy=\"pa_destination\" data-filter-term=\"cusco\">\t\t\t<div class=\"list-attri-thumbnail overlay\">\r\n\t\t\t\t<a href=\"https:\/\/machupicchuperuagency.com\/en\/tour-destination\/cusco\/\" title=\"Cusco\"\r\n\t\t\t\t\tclass=\"tours-type__item__image\" >\r\n\t\t\t\t\t<img decoding=\"async\" width=\"410\" height=\"410\" src=\"https:\/\/machupicchuperuagency.com\/en\/wp-content\/uploads\/2026\/03\/cusco-1.webp\" class=\"attachment-full size-full\" alt=\"Cusco\" srcset=\"https:\/\/machupicchuperuagency.com\/en\/wp-content\/uploads\/2026\/03\/cusco-1.webp 410w, https:\/\/machupicchuperuagency.com\/en\/wp-content\/uploads\/2026\/03\/cusco-1-150x150.webp 150w, https:\/\/machupicchuperuagency.com\/en\/wp-content\/uploads\/2026\/03\/cusco-1-320x320.webp 320w, https:\/\/machupicchuperuagency.com\/en\/wp-content\/uploads\/2026\/03\/cusco-1-100x100.webp 100w\" sizes=\"(max-width: 410px) 100vw, 410px\" \/>\t\t\t\t<\/a>\r\n\t\t\t\t\t\t\t\t\t<div class=\"content-item\">\r\n\t\t\t\t\t\t<h5 class=\"item__title\"><a href=\"https:\/\/machupicchuperuagency.com\/en\/tour-destination\/cusco\/\">Cusco<\/a><\/h5><div class=\"count-attr\">0  tours and activities<\/div><div class=\"item-attr-des\"><p>es una de las ciudades m\u00e1s importantes y visitadas del Per\u00fa, conocida como la antigua capital del Imperio Inca. Rodeada de impresionantes monta\u00f1as andinas, combina historia, cultura y arquitectura colonial. Desde Cusco, los viajeros pueden explorar sitios arqueol\u00f3gicos emblem\u00e1ticos y visitar la maravilla del mundo: Machu Picchu. La ciudad tambi\u00e9n es famosa por sus festividades, gastronom\u00eda y su vibrante ambiente cultural.<\/p>\n<\/div>\t\t\t\t\t\t\t\t\t\t\t<\/div>\r\n\t\t\t\t\t\t\t<\/div>\r\n\t\t\t\t\t\t<\/div> <div class=\"tours_type_item thim-ekits--tour__attributes__item\" data-filter-taxonomy=\"pa_destination\" data-filter-term=\"manu\">\t\t\t<div class=\"list-attri-thumbnail overlay\">\r\n\t\t\t\t<a href=\"https:\/\/machupicchuperuagency.com\/en\/tour-destination\/manu\/\" title=\"Manu\"\r\n\t\t\t\t\tclass=\"tours-type__item__image\" >\r\n\t\t\t\t\t<img loading=\"lazy\" decoding=\"async\" width=\"410\" height=\"410\" src=\"https:\/\/machupicchuperuagency.com\/en\/wp-content\/uploads\/2026\/03\/manu.webp\" class=\"attachment-full size-full\" alt=\"Manu\" srcset=\"https:\/\/machupicchuperuagency.com\/en\/wp-content\/uploads\/2026\/03\/manu.webp 410w, https:\/\/machupicchuperuagency.com\/en\/wp-content\/uploads\/2026\/03\/manu-150x150.webp 150w, https:\/\/machupicchuperuagency.com\/en\/wp-content\/uploads\/2026\/03\/manu-320x320.webp 320w, https:\/\/machupicchuperuagency.com\/en\/wp-content\/uploads\/2026\/03\/manu-100x100.webp 100w\" sizes=\"(max-width: 410px) 100vw, 410px\" \/>\t\t\t\t<\/a>\r\n\t\t\t\t\t\t\t\t\t<div class=\"content-item\">\r\n\t\t\t\t\t\t<h5 class=\"item__title\"><a href=\"https:\/\/machupicchuperuagency.com\/en\/tour-destination\/manu\/\">Manu<\/a><\/h5><div class=\"count-attr\">0  tours and activities<\/div><div class=\"item-attr-des\"><p>es una de las \u00e1reas naturales m\u00e1s biodiversas del planeta y uno de los parques nacionales m\u00e1s importantes del Per\u00fa. Ubicado entre las regiones de Cusco y Madre de Dios, este para\u00edso amaz\u00f3nico alberga miles de especies de plantas, aves, mam\u00edferos e insectos. Manu es un destino ideal para los amantes de la naturaleza y la aventura que desean explorar la selva virgen y observar fauna en su h\u00e1bitat natural.<\/p>\n<\/div>\t\t\t\t\t\t\t\t\t\t\t<\/div>\r\n\t\t\t\t\t\t\t<\/div>\r\n\t\t\t\t\t\t<\/div> <\/div><\/div>\t\t\t\t<\/div>\n\t\t\t\t<\/div>\n\t\t\t\t\t<\/div>\n\t\t\t\t<\/div>\n\t\t\t\t<\/div>\n\t\t","protected":false},"excerpt":{"rendered":"<p>Home<br \/>\nArchives<br \/>\nLet&#8217;s explore what we do!<\/p>\n<p>\n\t\t\t\t\t\t\t\tAll\t\t\t\t\t\t\t<\/p>\n<p>\t\t\t\t\t\t\t\t\tDestination\t\t\t\t\t\t\t\t<\/p>\n<p>\nBali<br \/>\n6  tours and activities<br \/>\nA land of stunning natural wonders, <\/p>\n","protected":false},"author":1,"featured_media":0,"parent":0,"menu_order":0,"comment_status":"closed","ping_status":"closed","template":"elementor_header_footer","meta":{"footnotes":""},"class_list":["post-2651","page","type-page","status-publish","hentry"],"_links":{"self":[{"href":"https:\/\/machupicchuperuagency.com\/en\/wp-json\/wp\/v2\/pages\/2651","targetHints":{"allow":["GET"]}}],"collection":[{"href":"https:\/\/machupicchuperuagency.com\/en\/wp-json\/wp\/v2\/pages"}],"about":[{"href":"https:\/\/machupicchuperuagency.com\/en\/wp-json\/wp\/v2\/types\/page"}],"author":[{"embeddable":true,"href":"https:\/\/machupicchuperuagency.com\/en\/wp-json\/wp\/v2\/users\/1"}],"replies":[{"embeddable":true,"href":"https:\/\/machupicchuperuagency.com\/en\/wp-json\/wp\/v2\/comments?post=2651"}],"version-history":[{"count":0,"href":"https:\/\/machupicchuperuagency.com\/en\/wp-json\/wp\/v2\/pages\/2651\/revisions"}],"wp:attachment":[{"href":"https:\/\/machupicchuperuagency.com\/en\/wp-json\/wp\/v2\/media?parent=2651"}],"curies":[{"name":"wp","href":"https:\/\/api.w.org\/{rel}","templated":true}]}}