{"id":17144,"date":"2026-03-06T04:27:54","date_gmt":"2026-03-06T04:27:54","guid":{"rendered":"https:\/\/cuscodigital.com\/machupicchuagency\/?post_type=product&#038;p=17144"},"modified":"2026-04-08T02:19:45","modified_gmt":"2026-04-08T02:19:45","slug":"humantay-lake-trek-1-day","status":"publish","type":"product","link":"https:\/\/machupicchuperuagency.com\/en\/tours\/humantay-lake-trek-1-day","title":{"rendered":"Humantay Lake Trek"},"content":{"rendered":"<div class=\"tour-content-what-included\">\n<h4 id=\"whats-included\" style=\"color: green;\">What&#8217;s Included<\/h4>\n<ul style=\"column-count: 2;\">\n<li><i class=\"fa fa-check\" style=\"color: green;\"><\/i> Round-trip transportation from Cusco<\/li>\n<li><i class=\"fa fa-check\" style=\"color: green;\"><\/i> Pick up from your hotel in Cusco, around 04:30 am.<\/li>\n<li><i class=\"fa fa-check\" style=\"color: green;\"><\/i> Return to your hotel in Cusco, around 06:00 pm.<\/li>\n<li><i class=\"fa fa-check\" style=\"color: green;\"><\/i> Professional bilingual tour guide: English and Spanish<\/li>\n<li><i class=\"fa fa-check\" style=\"color: green;\"><\/i> Entrance ticket to the Humantay Lagoon<\/li>\n<li><i class=\"fa fa-check\" style=\"color: green;\"><\/i> Oxygen tank, first aid kit, satellite phones<\/li>\n<li><i class=\"fa fa-check\" style=\"color: green;\"><\/i> Energetic breakfast at an exclusive local restaurant<\/li>\n<li><i class=\"fa fa-check\" style=\"color: green;\"><\/i> Exquisite lunch at an exclusive local restaurant<\/li>\n<li><i class=\"fa fa-check\" style=\"color: green;\"><\/i> Trekking poles<\/li>\n<li><i class=\"fa fa-check\" style=\"color: green;\"><\/i> Small groups (Around 10 people, and a maximum of 19 people)<\/li>\n<\/ul>\n<\/div>\n<p>&nbsp;<\/p>\n<hr \/>\n<p>&nbsp;<\/p>\n<div class=\"tour-content-what-included\">\n<h4 id=\"additional-info\" style=\"color: red;\">Not Included<\/h4>\n<ul style=\"column-count: 2;\">\n<li><i class=\"fa fa-times-circle\" style=\"color: red;\" aria-hidden=\"true\"><\/i> Horseback riding (optional)<\/li>\n<li><i class=\"fa fa-times-circle\" style=\"color: red;\" aria-hidden=\"true\"><\/i> Travel insurance (Highly recommended)<\/li>\n<li><i class=\"fa fa-times-circle\" style=\"color: red;\" aria-hidden=\"true\"><\/i> Tips<\/li>\n<\/ul>\n<\/div>\n<p>&nbsp;<\/p>\n<hr \/>\n<p>&nbsp;<\/p>\n<div class=\"tour-content-what-included\">\n<h4 id=\"cancelation-policy\">What to Bring:<\/h4>\n<ul style=\"column-count: 2;\">\n<li><i class=\"fa fa-check\" style=\"color: green;\"><\/i> Original passport ISIC card (if you are a student and want to qualify for the discount)<\/li>\n<li><i class=\"fa fa-check\" style=\"color: green;\"><\/i> Waterproof jacket \/ rain poncho A warm jacket T-shirts Comfortable pants Sun hat<\/li>\n<li><i class=\"fa fa-check\" style=\"color: green;\"><\/i> Sunscreen (SPF 35 or higher) Insect repellent<\/li>\n<li><i class=\"fa fa-check\" style=\"color: green;\"><\/i> Personal medication<\/li>\n<li><i class=\"fa fa-check\" style=\"color: green;\"><\/i> Camera and battery<\/li>\n<li><i class=\"fa fa-check\" style=\"color: green;\"><\/i> Basic first aid kit<\/li>\n<li><i class=\"fa fa-check\" style=\"color: green;\"><\/i> Sandals Bathing suit for hot springs<\/li>\n<\/ul>\n<\/div>\n","protected":false},"excerpt":{"rendered":"<p>El Tour a la Laguna Humantay es una de las caminatas de un d\u00eda m\u00e1s impresionantes cerca de Cusco. Durante la ruta ascender\u00e1s por paisajes andinos rodeados de monta\u00f1as nevadas, donde podr\u00e1s apreciar la flora y fauna de la regi\u00f3n hasta llegar a la hermosa laguna de aguas turquesas ubicada al pie del nevado Salkantay.<\/p>\n<p>A lo largo del recorrido disfrutar\u00e1s de vistas espectaculares y de la tranquilidad de la naturaleza. El tour incluye desayuno y almuerzo preparados con productos locales, adem\u00e1s del acompa\u00f1amiento de gu\u00edas profesionales que te ayudar\u00e1n a conocer m\u00e1s sobre la geograf\u00eda, la cultura y la importancia de este lugar en los Andes.<\/p>\n","protected":false},"featured_media":17148,"comment_status":"open","ping_status":"closed","template":"","meta":[],"product_brand":[],"product_cat":[],"product_tag":[],"class_list":{"0":"post-17144","1":"product","2":"type-product","3":"status-publish","4":"has-post-thumbnail","6":"tour_phys-treks-in-cusco","7":"pa_month-april","8":"pa_month-august","9":"pa_month-september","11":"first","12":"instock","13":"shipping-taxable","14":"purchasable","15":"product-type-tour_phys"},"_links":{"self":[{"href":"https:\/\/machupicchuperuagency.com\/en\/wp-json\/wp\/v2\/product\/17144","targetHints":{"allow":["GET"]}}],"collection":[{"href":"https:\/\/machupicchuperuagency.com\/en\/wp-json\/wp\/v2\/product"}],"about":[{"href":"https:\/\/machupicchuperuagency.com\/en\/wp-json\/wp\/v2\/types\/product"}],"replies":[{"embeddable":true,"href":"https:\/\/machupicchuperuagency.com\/en\/wp-json\/wp\/v2\/comments?post=17144"}],"wp:featuredmedia":[{"embeddable":true,"href":"https:\/\/machupicchuperuagency.com\/en\/wp-json\/wp\/v2\/media\/17148"}],"wp:attachment":[{"href":"https:\/\/machupicchuperuagency.com\/en\/wp-json\/wp\/v2\/media?parent=17144"}],"wp:term":[{"taxonomy":"product_brand","embeddable":true,"href":"https:\/\/machupicchuperuagency.com\/en\/wp-json\/wp\/v2\/product_brand?post=17144"},{"taxonomy":"product_cat","embeddable":true,"href":"https:\/\/machupicchuperuagency.com\/en\/wp-json\/wp\/v2\/product_cat?post=17144"},{"taxonomy":"product_tag","embeddable":true,"href":"https:\/\/machupicchuperuagency.com\/en\/wp-json\/wp\/v2\/product_tag?post=17144"}],"curies":[{"name":"wp","href":"https:\/\/api.w.org\/{rel}","templated":true}]}}