{"id":17688,"date":"2026-04-09T23:04:06","date_gmt":"2026-04-09T23:04:06","guid":{"rendered":"https:\/\/cuscodigital.com\/machupicchuagency\/?post_type=product&#038;p=17688"},"modified":"2026-04-10T03:15:00","modified_gmt":"2026-04-10T03:15:00","slug":"cusco-sacred-valley-machu-picchu-rainbow-mountain-humantay-south-valley","status":"publish","type":"product","link":"https:\/\/machupicchuperuagency.com\/en\/tours\/cusco-sacred-valley-machu-picchu-rainbow-mountain-humantay-south-valley","title":{"rendered":"Cusco \u2013 Sacred Valley \u2013 Machu Picchu \u2013 Rainbow Mountain \u2013 Humantay \u2013 South Valley"},"content":{"rendered":"<div class=\"tour-content-what-included\">\n<h4 id=\"whats-included\" style=\"color: green;\">Que Incluye<\/h4>\n<ul style=\"column-count: 2;\">\n<li><i class=\"fa fa-check\" style=\"color: green;\"><\/i> Traslados aeropuerto \u2013 hotel \u2013 aeropuerto en Cusco (transporte privado).<\/li>\n<li><i class=\"fa fa-check\" style=\"color: green;\"><\/i> Boleto tur\u00edstico general (ingresos a City Tour, Valle Sagrado y dem\u00e1s atractivos del itinerario).<\/li>\n<li><i class=\"fa fa-check\" style=\"color: green;\"><\/i> Excursi\u00f3n al City Tour Cusco (transporte, gu\u00eda, entradas).<\/li>\n<li><i class=\"fa fa-check\" style=\"color: green;\"><\/i> Excursi\u00f3n al Valle Sagrado (transporte, gu\u00eda, entradas, almuerzo buffet).<\/li>\n<li><i class=\"fa fa-check\" style=\"color: green;\"><\/i> Excursi\u00f3n a Machu Picchu<\/li>\n<li><i class=\"fa fa-check\" style=\"color: green;\"><\/i> Tren ida y vuelta Ollantaytambo \u2013 Aguas Calientes \u2013 Ollantaytambo.<\/li>\n<li><i class=\"fa fa-check\" style=\"color: green;\"><\/i> Bus subida y bajada Aguas Calientes \u2013 Machu Picchu.<\/li>\n<li><i class=\"fa fa-check\" style=\"color: green;\"><\/i> Gu\u00eda oficial de turismo.<\/li>\n<li><i class=\"fa fa-check\" style=\"color: green;\"><\/i> Tickets de ingreso a Machu Picchu (circuito 02)<\/li>\n<li><i class=\"fa fa-check\" style=\"color: green;\"><\/i> Transporte Ollantaytambo \u2013 Cusco.<\/li>\n<li><i class=\"fa fa-check\" style=\"color: green;\"><\/i> Excursi\u00f3n a Maras Moray (transporte, gu\u00eda, entradas).<\/li>\n<li><i class=\"fa fa-check\" style=\"color: green;\"><\/i> Excursi\u00f3n a la Monta\u00f1a del Arco\u00edris (transporte, gu\u00eda, entradas, desayuno, almuerzo buffet, bastones de trekking).<\/li>\n<li><i class=\"fa fa-check\" style=\"color: green;\"><\/i> Excursi\u00f3n Laguna Humantay (transporte, gu\u00eda, entradas, desayuno, almuerzo buffet, bastones de trekking).<\/li>\n<li><i class=\"fa fa-check\" style=\"color: green;\"><\/i> Excursi\u00f3n al Valle Sur (transporte, gu\u00eda, entradas).<\/li>\n<li><i class=\"fa fa-check\" style=\"color: green;\"><\/i> 6 noches de hotel en Cusco con desayuno buffet incluido. (02 estrellas)<\/li>\n<li><i class=\"fa fa-check\" style=\"color: green;\"><\/i> 1 noche de hotel en Aguas Calientes con desayuno buffet incluido. (02 estrellas)<\/li>\n<\/ul>\n<\/div>\n<p>&nbsp;<\/p>\n<hr \/>\n<p>&nbsp;<\/p>\n<div class=\"tour-content-what-included\">\n<h4 id=\"additional-info\" style=\"color: red;\">No Incluye<\/h4>\n<ul style=\"column-count: 2;\">\n<li><i class=\"fa fa-times-circle\" style=\"color: red;\" aria-hidden=\"true\"><\/i> Vuelos nacionales e internacionales.<\/li>\n<li><i class=\"fa fa-times-circle\" style=\"color: red;\" aria-hidden=\"true\"><\/i> Alimentaci\u00f3n y bebidas no especificadas en el itinerario.<\/li>\n<li><i class=\"fa fa-times-circle\" style=\"color: red;\" aria-hidden=\"true\"><\/i> Gastos personales y servicios adicionales no mencionados.<\/li>\n<li><i class=\"fa fa-times-circle\" style=\"color: red;\" aria-hidden=\"true\"><\/i> Seguros de Viaje (opcional)<\/li>\n<li><i class=\"fa fa-times-circle\" style=\"color: red;\" aria-hidden=\"true\"><\/i> Propinas (opcional)<\/li>\n<\/ul>\n<\/div>\n<p>&nbsp;<\/p>\n<hr \/>\n<p>&nbsp;<\/p>\n<div class=\"tour-content-what-included\">\n<h4 id=\"cancelation-policy\">Que Llevar:<\/h4>\n<ul style=\"column-count: 2;\">\n<li><i class=\"fa fa-check\" style=\"color: green;\"><\/i> Ropa C\u00f3moda: Lleva ropa ligera y c\u00f3moda para las caminatas, as\u00ed como capas para las variaciones de temperatura en Cusco.<\/li>\n<li><i class=\"fa fa-check\" style=\"color: green;\"><\/i> Calzado Adecuado: Es fundamental contar con zapatos de trekking o deportivos para explorar el Valle Sagrado, Machu Picchu y la Monta\u00f1a de Colores.<\/li>\n<li><i class=\"fa fa-check\" style=\"color: green;\"><\/i> Protecci\u00f3n Solar: No olvides llevar protector solar, gafas de sol y un sombrero para protegerte del sol, especialmente en actividades al aire libre.<\/li>\n<li><i class=\"fa fa-check\" style=\"color: green;\"><\/i> Agua Reutilizable: Mantente hidratado durante las caminatas; una botella de agua reutilizable es ideal para cuidar el medio ambiente.<\/li>\n<li><i class=\"fa fa-check\" style=\"color: green;\"><\/i> Medicamentos: Considera llevar medicamentos para el mal de altura, as\u00ed como tu botiqu\u00edn personal.<\/li>\n<li><i class=\"fa fa-check\" style=\"color: green;\"><\/i> C\u00e1mara o Smartphone: Captura los momentos m\u00e1gicos de tu viaje, desde el free walking tour en Cusco hasta las vistas en Machu Picchu.<\/li>\n<li><i class=\"fa fa-check\" style=\"color: green;\"><\/i> Cargadores Port\u00e1tiles: Aseg\u00farate de tener suficientes cargadores para tus dispositivos, especialmente durante los d\u00edas de excursi\u00f3n.<\/li>\n<li><i class=\"fa fa-check\" style=\"color: green;\"><\/i> Dinero en Efectivo: Lleva soles peruanos para compras peque\u00f1as y propinas, ya que no todos los lugares aceptan tarjetas.<\/li>\n<li><i class=\"fa fa-check\" style=\"color: green;\"><\/i> Chaqueta Impermeable: Es \u00fatil para cualquier cambio de clima durante tus aventuras.<\/li>\n<li><i class=\"fa fa-check\" style=\"color: green;\"><\/i> Identificaci\u00f3n y Documentos: No olvides llevar tu pasaporte y cualquier documento necesario para las entradas a los sitios tur\u00edsticos.<\/li>\n<\/ul>\n<\/div>\n","protected":false},"excerpt":{"rendered":"<p>This program has been designed to offer a complete and unforgettable experience through the main cultural, archaeological, and natural destinations of southern Peru. Over eight days, you will discover the rich history of Cusco, the ancient capital of the Inca Empire, explore the Sacred Valley, and visit the majestic Machu Picchu, one of the Seven Wonders of the Modern World.<\/p>\n","protected":false},"featured_media":17614,"comment_status":"open","ping_status":"closed","template":"","meta":[],"product_brand":[],"product_cat":[],"product_tag":[],"class_list":{"0":"post-17688","1":"product","2":"type-product","3":"status-publish","4":"has-post-thumbnail","6":"tour_phys-tours-in-cusco","7":"pa_month-april","8":"pa_month-august","9":"pa_month-september","11":"first","12":"instock","13":"shipping-taxable","14":"purchasable","15":"product-type-tour_phys"},"_links":{"self":[{"href":"https:\/\/machupicchuperuagency.com\/en\/wp-json\/wp\/v2\/product\/17688","targetHints":{"allow":["GET"]}}],"collection":[{"href":"https:\/\/machupicchuperuagency.com\/en\/wp-json\/wp\/v2\/product"}],"about":[{"href":"https:\/\/machupicchuperuagency.com\/en\/wp-json\/wp\/v2\/types\/product"}],"replies":[{"embeddable":true,"href":"https:\/\/machupicchuperuagency.com\/en\/wp-json\/wp\/v2\/comments?post=17688"}],"wp:featuredmedia":[{"embeddable":true,"href":"https:\/\/machupicchuperuagency.com\/en\/wp-json\/wp\/v2\/media\/17614"}],"wp:attachment":[{"href":"https:\/\/machupicchuperuagency.com\/en\/wp-json\/wp\/v2\/media?parent=17688"}],"wp:term":[{"taxonomy":"product_brand","embeddable":true,"href":"https:\/\/machupicchuperuagency.com\/en\/wp-json\/wp\/v2\/product_brand?post=17688"},{"taxonomy":"product_cat","embeddable":true,"href":"https:\/\/machupicchuperuagency.com\/en\/wp-json\/wp\/v2\/product_cat?post=17688"},{"taxonomy":"product_tag","embeddable":true,"href":"https:\/\/machupicchuperuagency.com\/en\/wp-json\/wp\/v2\/product_tag?post=17688"}],"curies":[{"name":"wp","href":"https:\/\/api.w.org\/{rel}","templated":true}]}}