{"id":17689,"date":"2026-04-10T03:17:05","date_gmt":"2026-04-10T03:17:05","guid":{"rendered":"https:\/\/cuscodigital.com\/machupicchuagency\/?post_type=product&#038;p=17689"},"modified":"2026-04-14T16:05:55","modified_gmt":"2026-04-14T16:05:55","slug":"city-tour-lima-half-day","status":"publish","type":"product","link":"https:\/\/machupicchuperuagency.com\/en\/tours\/city-tour-lima-half-day","title":{"rendered":"City Tour Lima"},"content":{"rendered":"<p><strong><span style=\"color: green;\">What&#8217;s Included<\/span><\/strong><\/p>\n<div class=\"tour-content-what-included\">\n<ul style=\"column-count: 2;\">\n<li><i class=\"fa fa-check\" style=\"color: green;\"><\/i> Mobility: Tourist Transportation<\/li>\n<li><i class=\"fa fa-check\" style=\"color: green;\"><\/i> Ticket: Entrance Fees and Taxes<\/li>\n<li><i class=\"fa fa-check\" style=\"color: green;\"><\/i> Activities: Excursions according to the Itinerary<\/li>\n<li><i class=\"fa fa-check\" style=\"color: green;\"><\/i> Tour Guide<\/li>\n<\/ul>\n<\/div>\n<p>&nbsp;<\/p>\n<hr \/>\n<p>&nbsp;<\/p>\n<div class=\"tour-content-what-included\">\n<h4 id=\"additional-info\" style=\"color: red;\">Not Included<\/h4>\n<ul style=\"column-count: 2;\">\n<li><i class=\"fa fa-times-circle\" style=\"color: red;\" aria-hidden=\"true\"><\/i> People with mobility problems<\/li>\n<li><i class=\"fa fa-times-circle\" style=\"color: red;\" aria-hidden=\"true\"><\/i> Wheelchair users<\/li>\n<\/ul>\n<\/div>\n<p>&nbsp;<\/p>\n<hr \/>\n<p>&nbsp;<\/p>\n<div class=\"tour-content-what-included\">\n<h4 id=\"cancelation-policy\">What to Bring:<\/h4>\n<ul style=\"column-count: 2;\">\n<li><i class=\"fa fa-check\" style=\"color: green;\"><\/i> Comfortable Clothing: Wear light, comfortable clothes for trekking, as well as layers for the temperature variations in Cusco.<\/li>\n<li><i class=\"fa fa-check\" style=\"color: green;\"><\/i> Proper Footwear: Trekking or sports shoes are essential for exploring the Sacred Valley, Machu Picchu, and Rainbow Mountain.<\/li>\n<li><i class=\"fa fa-check\" style=\"color: green;\"><\/i> Sun Protection: Don&#8217;t forget sunscreen, sunglasses, and a hat to protect yourself from the sun, especially during outdoor activities.<\/li>\n<li><i class=\"fa fa-check\" style=\"color: green;\"><\/i> Reusable Water Bottle: Stay hydrated during the hikes; a reusable water bottle is ideal for environmental care.<\/li>\n<li><i class=\"fa fa-check\" style=\"color: green;\"><\/i> Medications: Consider bringing altitude sickness medication as well as your personal first aid kit.<\/li>\n<li><i class=\"fa fa-check\" style=\"color: green;\"><\/i> Camera or Smartphone: Capture the magical moments of your trip, from the free walking tour in Cusco to the views at Machu Picchu.<\/li>\n<li><i class=\"fa fa-check\" style=\"color: green;\"><\/i> Portable Chargers: Ensure you have enough chargers for your devices, especially during excursion days.<\/li>\n<li><i class=\"fa fa-check\" style=\"color: green;\"><\/i> Cash: Bring Peruvian Soles for small purchases and tips, as not all places accept cards.<\/li>\n<li><i class=\"fa fa-check\" style=\"color: green;\"><\/i> Waterproof Jacket: Useful for any sudden weather changes during your adventures.<\/li>\n<li><i class=\"fa fa-check\" style=\"color: green;\"><\/i> ID and Documents: Don&#8217;t forget to carry your original passport and any documents required for entry to the tourist sites.<\/li>\n<\/ul>\n<\/div>\n<p>&nbsp;<\/p>\n","protected":false},"excerpt":{"rendered":"<p>Descubre lo mejor de Lima en un recorrido inolvidable de 4 horas. Explora el Centro Hist\u00f3rico y d\u00e9jate cautivar por su impresionante arquitectura colonial y la emblem\u00e1tica Plaza Mayor. Contin\u00faa por los modernos distritos de Miraflores y Barranco, donde disfrutar\u00e1s de hermosos parques y espectaculares vistas al oc\u00e9ano Pac\u00edfico. Finaliza la experiencia con una exquisita cata de pisco y vinos peruanos.<\/p>\n<p>Un recorrido perfecto que combina historia, cultura y la esencia contempor\u00e1nea de la capital.<\/p>\n","protected":false},"featured_media":17694,"comment_status":"open","ping_status":"closed","template":"","meta":[],"product_brand":[],"product_cat":[],"product_tag":[],"class_list":{"0":"post-17689","1":"product","2":"type-product","3":"status-publish","4":"has-post-thumbnail","6":"tour_phys-tours-in-peru","7":"pa_month-april","8":"pa_month-august","9":"pa_month-september","11":"first","12":"instock","13":"shipping-taxable","14":"purchasable","15":"product-type-tour_phys"},"_links":{"self":[{"href":"https:\/\/machupicchuperuagency.com\/en\/wp-json\/wp\/v2\/product\/17689","targetHints":{"allow":["GET"]}}],"collection":[{"href":"https:\/\/machupicchuperuagency.com\/en\/wp-json\/wp\/v2\/product"}],"about":[{"href":"https:\/\/machupicchuperuagency.com\/en\/wp-json\/wp\/v2\/types\/product"}],"replies":[{"embeddable":true,"href":"https:\/\/machupicchuperuagency.com\/en\/wp-json\/wp\/v2\/comments?post=17689"}],"wp:featuredmedia":[{"embeddable":true,"href":"https:\/\/machupicchuperuagency.com\/en\/wp-json\/wp\/v2\/media\/17694"}],"wp:attachment":[{"href":"https:\/\/machupicchuperuagency.com\/en\/wp-json\/wp\/v2\/media?parent=17689"}],"wp:term":[{"taxonomy":"product_brand","embeddable":true,"href":"https:\/\/machupicchuperuagency.com\/en\/wp-json\/wp\/v2\/product_brand?post=17689"},{"taxonomy":"product_cat","embeddable":true,"href":"https:\/\/machupicchuperuagency.com\/en\/wp-json\/wp\/v2\/product_cat?post=17689"},{"taxonomy":"product_tag","embeddable":true,"href":"https:\/\/machupicchuperuagency.com\/en\/wp-json\/wp\/v2\/product_tag?post=17689"}],"curies":[{"name":"wp","href":"https:\/\/api.w.org\/{rel}","templated":true}]}}